{"id":17,"date":"2009-09-20T10:40:13","date_gmt":"2009-09-20T08:40:13","guid":{"rendered":"https:\/\/www.mladvisie.be\/?page_id=17"},"modified":"2016-12-25T21:36:58","modified_gmt":"2016-12-25T19:36:58","slug":"over-jou","status":"publish","type":"page","link":"https:\/\/mladvisie.be\/?page_id=17","title":{"rendered":"Over jou"},"content":{"rendered":"<p><br \/>\n<\/p>\n<h3><span style=\"color: #009de0;\">Er komt wat op je af \u2026<\/span><\/h3>\n<p>Je werkt in een steeds turbulentere wereldmarkt, toenemende concurrentie en disruptieve technologie\u00ebn. Enkel effici\u00ebnte organisaties en wendbare teams <strong>overleven<\/strong> en boeken succes.<br \/>\nBen jij klaar voor de toekomst?<br \/>\n&nbsp;<br \/>\n<strong>Effici\u00ebnt en wendbaar werken<\/strong>, daar boek je resultaten mee en verzeker je de toekomst van je bedrijf.<br \/>\nIs jouw organisatie gestroomlijnd en slagkrachtig?<br \/>\n<strong>\u00a0<\/strong><br \/>\nJe medewerkers zijn van cruciaal belang. Hun <strong>professionaliteit<\/strong> zorgt voor tevreden klanten. Een kwestie van <strong>talent, betrokkenheid en teamspirit<\/strong>?<br \/>\nZijn jouw teams betrokken en klantgericht?<br \/>\n&nbsp;<\/p>\n<h3><span style=\"color: #009de0;\">Maak jouw verhaal<\/span><\/h3>\n<p>De manager die enkel focust op de technologie van de toekomst, maakt het bedrijf onleefbaar. Wie alleen met mensen bezig is, blijft niet lang rendabel. En wie enkel let op resultaten, oogst burn-outs.<br \/>\n&nbsp;<br \/>\nDe bottom line? Je mensen zijn geen solo\u2019s, je organisatie en context geen silo\u2019s. Verbind ze in \u00e9\u00e9n verhaal van <strong>talent, resultaten en kansen<\/strong>. Een eenvoudig verhaal, helder en inspirerend. Een verhaal dat je mensen <strong>aanspreekt en in beweging brengt<\/strong>.<br \/>\n&nbsp;<\/p>\n<h3><span style=\"color: #009de0;\">Klinkt bekend?<\/span><\/h3>\n<p>Dat klopt. Elke managementgoeroe overgiet dit verhaal met een eigen sausje. Strategische visie. Organisatiedesign. Professionele HR. Waarom? <strong>Omdat het werkt<\/strong>.<br \/>\n&nbsp;<br \/>\nVerwacht bij mij dus geen dure experimenten of bezigheidstherapie. Ik rol mijn mouwen op \u2013 vaak letterlijk \u2013 en <strong>ga aan de slag<\/strong> met een bewezen aanpak. Ik verken, verbeeld, verdiep, verbind en veranker tot we jouw doel bereiken. <strong>Tot de puzzel klopt<\/strong> en blijft kloppen.<br \/>\n&nbsp;<br \/>\n<em>Marleen slaagt er in om heel snel tot de kern van een problematiek door te dringen, en op een creatieve wijze tot concrete resultaten te komen. Haar bijdrage zorgde voor een kantelmoment in onze organisatie, met een positieve impact die nog lang bleef nazinderen! &#8211; Erik Temmerman, Raad van Bestuur Kunstencentrum Vooruit <\/em><\/p>\n<h3><span style=\"color: #009de0;\">Zo doe ik jouw project slagen<\/span><\/h3>\n<p>Een slimme verbinding tussen je mensen, organisatie en toekomst. Daar ga ik voor in elk project.<br \/>\nRevolutionair? Gelukkig niet. Succesvol? Zeker.<\/p>\n<p>&nbsp;<\/p>\n<p>Waar ligt jouw uitdaging?<br \/>\n&nbsp;<br \/>\n<a href=\"?page_id=132\" target=\"_self\"> <span style=\"color: #009de0;\"> Toekomstvisie en actieplan<\/span><\/a><\/p>\n<p><a href=\"?page_id=21\" target=\"_self\"> <span style=\"color: #009de0;\">Resultaatgerichte organisatie<\/span><\/a><\/p>\n<p><a href=\"?page_id=2\" target=\"_self\"> <span style=\"color: #009de0;\">Mensgericht personeelsbeleid<\/span><\/a><\/p>\n<p>&nbsp;<\/p>\n<h3><\/h3>\n<p>&nbsp;<\/p>\n<p>&nbsp;<\/p>\n<p><\/p>","protected":false},"excerpt":{"rendered":"<p>Er komt wat op je af \u2026 Je werkt in een steeds turbulentere wereldmarkt, toenemende concurrentie en disruptieve technologie\u00ebn. Enkel effici\u00ebnte organisaties en wendbare teams overleven en boeken succes. Ben jij klaar voor de toekomst? &nbsp; Effici\u00ebnt en wendbaar werken, daar boek je resultaten mee en verzeker je de toekomst van je bedrijf. Is jouw [&hellip;]<\/p>\n","protected":false},"author":2,"featured_media":0,"parent":0,"menu_order":40,"comment_status":"closed","ping_status":"closed","template":"","meta":{"footnotes":""},"class_list":["post-17","page","type-page","status-publish","hentry"],"_links":{"self":[{"href":"https:\/\/mladvisie.be\/index.php?rest_route=\/wp\/v2\/pages\/17","targetHints":{"allow":["GET"]}}],"collection":[{"href":"https:\/\/mladvisie.be\/index.php?rest_route=\/wp\/v2\/pages"}],"about":[{"href":"https:\/\/mladvisie.be\/index.php?rest_route=\/wp\/v2\/types\/page"}],"author":[{"embeddable":true,"href":"https:\/\/mladvisie.be\/index.php?rest_route=\/wp\/v2\/users\/2"}],"replies":[{"embeddable":true,"href":"https:\/\/mladvisie.be\/index.php?rest_route=%2Fwp%2Fv2%2Fcomments&post=17"}],"version-history":[{"count":41,"href":"https:\/\/mladvisie.be\/index.php?rest_route=\/wp\/v2\/pages\/17\/revisions"}],"predecessor-version":[{"id":505,"href":"https:\/\/mladvisie.be\/index.php?rest_route=\/wp\/v2\/pages\/17\/revisions\/505"}],"wp:attachment":[{"href":"https:\/\/mladvisie.be\/index.php?rest_route=%2Fwp%2Fv2%2Fmedia&parent=17"}],"curies":[{"name":"wp","href":"https:\/\/api.w.org\/{rel}","templated":true}]}}